{"id":16,"date":"2024-04-26T17:20:53","date_gmt":"2024-04-26T14:20:53","guid":{"rendered":"https:\/\/kosegayrimenkul.com.tr\/?page_id=16"},"modified":"2024-04-29T09:44:21","modified_gmt":"2024-04-29T06:44:21","slug":"anasayfa","status":"publish","type":"page","link":"https:\/\/kosegayrimenkul.com.tr\/","title":{"rendered":"anasayfa"},"content":{"rendered":"<div  class='flex_column av-2aytg-22cea0450d0fe447b0e4418e3141c993 av_one_half  avia-builder-el-0  el_before_av_one_half  avia-builder-el-first  first flex_column_div  '     ><style type=\"text\/css\" data-created_by=\"avia_inline_auto\" id=\"style-css-av-lvgrgygc-e8ad404530107455c648aab9391c53dd\">\n.avia-image-container.av-lvgrgygc-e8ad404530107455c648aab9391c53dd img.avia_image{\nbox-shadow:none;\n}\n.avia-image-container.av-lvgrgygc-e8ad404530107455c648aab9391c53dd .av-image-caption-overlay-center{\ncolor:#ffffff;\n}\n<\/style>\n<div  class='avia-image-container av-lvgrgygc-e8ad404530107455c648aab9391c53dd av-styling- avia-align-center  avia-builder-el-1  avia-builder-el-no-sibling '   itemprop=\"image\" itemscope=\"itemscope\" itemtype=\"https:\/\/schema.org\/ImageObject\" ><div class=\"avia-image-container-inner\"><div class=\"avia-image-overlay-wrap\"><img decoding=\"async\" class='wp-image-12 avia-img-lazy-loading-not-12 avia_image ' src=\"https:\/\/kosegayrimenkul.com.tr\/wp-content\/uploads\/2024\/04\/kose-logo.jpg\" alt='' title='kose-logo'  height=\"1019\" width=\"1023\"  itemprop=\"thumbnailUrl\"  \/><\/div><\/div><\/div><\/div>\n<div  class='flex_column av-1rjo0-19aed6a6c1260ff8dac7f6773371da94 av_one_half  avia-builder-el-2  el_after_av_one_half  el_before_av_one_full  flex_column_div  '     ><style type=\"text\/css\" data-created_by=\"avia_inline_auto\" id=\"style-css-av-qe8s-4f77e759c8a99cb90839ac1870124dd3\">\n#top .av_textblock_section.av-qe8s-4f77e759c8a99cb90839ac1870124dd3 .avia_textblock{\nfont-size:28px;\n}\n<\/style>\n<section  class='av_textblock_section av-qe8s-4f77e759c8a99cb90839ac1870124dd3 '   itemscope=\"itemscope\" itemtype=\"https:\/\/schema.org\/CreativeWork\" ><div class='avia_textblock'  itemprop=\"text\" ><h2><strong>K\u00f6\u015fe Gayrimenkul<\/strong><\/h2>\n<p>&#8212;&#8212;&#8212;&#8212;&#8212;&#8212;&#8212;&#8212;&#8212;&#8212;&#8212;&#8212;&#8212;&#8212;&#8212;<\/p>\n<p><strong>Adres<\/strong>: G\u00f6ztepe Mahallesi Ye\u015filbahar Sokak No: 18\/21 Kad\u0131k\u00f6y \/ \u0130stanbul<\/p>\n<p><strong>Telefon<\/strong>: <a href=\"tel:+905325856869\">+90 532 585 68 69<\/a><\/p>\n<p><strong>Telefon<\/strong>: <a href=\"tel:+902163554334\">+90 216 355 43 34<\/a><\/p>\n<p><strong>E-Posta<\/strong>: <a href=\"mailto:info@kosegayrimenkul.com.tr\">info@kosegayrimenkul.com.tr<\/a><\/p>\n<p><strong>\u0130lanlar \u0130\u00e7in<\/strong>: <a href=\"https:\/\/kosegayrimenkul.sahibinden.com\/\">kosegayrimenkul.sahibinden<\/a><\/p>\n<\/div><\/section><\/div><div  class='flex_column av-tgi8-63f708704700f56336f60c052b9c18ec av_one_full  avia-builder-el-4  el_after_av_one_half  el_before_av_one_full  first flex_column_div  column-top-margin'     ><div id='avia-leaflet-map-1' class='av_leaflet_sc_main_wrap av-lvgruesq-11d0459a26b30ba45de2aec3bde60ebd av_leaflet_main_wrap'><div class='avia-leaflet-map-container avia-leaflet-map-sc'><div class=\"leaflet-map WPLeafletMap\" style=\"height:470px; width:100%;\"><\/div><script>\nwindow.WPLeafletMapPlugin = window.WPLeafletMapPlugin || [];\nwindow.WPLeafletMapPlugin.push(function WPLeafletMapShortcode() {\/*<script>*\/\nvar baseUrl = atob('aHR0cHM6Ly97c30udGlsZS5vcGVuc3RyZWV0bWFwLm9yZy97en0ve3h9L3t5fS5wbmc=');\nvar base = (!baseUrl && window.MQ) ?\n    window.MQ.mapLayer() : L.tileLayer(baseUrl,\n        L.Util.extend({}, {\n            detectRetina: 0,\n        },\n        {\"subdomains\":\"abc\",\"noWrap\":false,\"maxZoom\":18}        )\n    );\n    var options = L.Util.extend({}, {\n        layers: [base],\n        attributionControl: false\n    },\n    {\"closePopupOnClick\":false,\"dragging\":true,\"keyboard\":true,\"tap\":false,\"zoomControl\":false,\"scrollWheelZoom\":true,\"doubleClickZoom\":false,\"fitBounds\":false,\"minZoom\":15,\"maxZoom\":18,\"maxBounds\":null,\"attribution\":\"<a href=\\\"http:\\\/\\\/leafletjs.com\\\" title=\\\"A JS library for interactive maps\\\">Leaflet<\\\/a>; \\u00a9 <a href=\\\"http:\\\/\\\/www.openstreetmap.org\\\/copyright\\\">OpenStreetMap<\\\/a> contributors\"},\n    {});\nwindow.WPLeafletMapPlugin.createMap(options).setView([40.974928246705,29.05839236048],17);window.WPLeafletMapPlugin.createScale({});});<\/script><script>\nwindow.WPLeafletMapPlugin = window.WPLeafletMapPlugin || [];\nwindow.WPLeafletMapPlugin.push(function WPLeafletMarkerShortcode() {\/*<script>*\/\nvar map = window.WPLeafletMapPlugin.getCurrentMap();\nvar group = window.WPLeafletMapPlugin.getCurrentGroup();\nvar marker_options = window.WPLeafletMapPlugin.getIconOptions({\"draggable\":false});\nvar marker = L.marker(\n    [40.974928246705,29.058386996063],\n    marker_options\n);\nvar is_image = map.is_image_map;\nif (marker_options.draggable) {\n    marker.on('dragend', function () {\n        var latlng = this.getLatLng();\n        var lat = latlng.lat;\n        var lng = latlng.lng;\n        if (is_image) {\n            console.log('leaflet-marker y=' + lat + ' x=' + lng);\n        } else {\n            console.log('leaflet-marker lat=' + lat + ' lng=' + lng);\n        }\n    });\n}\nmarker.addTo( group );\nmarker.bindPopup(window.WPLeafletMapPlugin.unescape('K\u00f6\u015fe Gayrimenkul&lt;br \/&gt;&lt;br&gt;&lt;a href=\\&quot;https:\/\/maps.app.goo.gl\/YzLTsNZyX7aUpmqe8\\&quot;&gt;Google Harita i\u00e7in T\u0131kla&lt;\/a&gt;')).openPopup();window.WPLeafletMapPlugin.markers.push( marker );\n        });<\/script><\/div><\/div><\/div><div  class='flex_column av-u5l0-df345985828387f978009dfdd0372aa3 av_one_full  avia-builder-el-6  el_after_av_one_full  avia-builder-el-last  first flex_column_div  column-top-margin'     ><style type=\"text\/css\" data-created_by=\"avia_inline_auto\" id=\"style-css-av-lvgsbw4b-3a845230636dd5ed1695839bc354253a\">\n#top .avia-gallery.av-lvgsbw4b-3a845230636dd5ed1695839bc354253a .avia-gallery-thumb a{\nwidth:20%;\n}\n<\/style>\n<div  class='avia-gallery av-lvgsbw4b-3a845230636dd5ed1695839bc354253a avia_animate_when_visible  avia-builder-el-7  avia-builder-el-no-sibling  avia_lazyload avia-gallery-animate avia-gallery-1'  itemprop=\"image\" itemscope=\"itemscope\" itemtype=\"https:\/\/schema.org\/ImageObject\" ><meta itemprop=\"contentURL\" content=\"https:\/\/kosegayrimenkul.com.tr\/\"><div class='avia-gallery-thumb'><a href=\"https:\/\/kosegayrimenkul.com.tr\/wp-content\/uploads\/2024\/04\/kose-gayrimenkul-5.jpg\" data-rel='gallery-1' data-prev-img='https:\/\/kosegayrimenkul.com.tr\/wp-content\/uploads\/2024\/04\/kose-gayrimenkul-5.jpg' class='first_thumb lightbox ' data-onclick='1' title=''  itemprop=\"thumbnailUrl\"  ><img decoding=\"async\" class=\"wp-image-34 avia-img-lazy-loading-not-34\"   src=\"https:\/\/kosegayrimenkul.com.tr\/wp-content\/uploads\/2024\/04\/kose-gayrimenkul-5.jpg\" width=\"2048\" height=\"1536\"  title='kose-gayrimenkul (5)' alt='' \/><div class='big-prev-fake'><img loading=\"lazy\" decoding=\"async\" class=\"wp-image-34 avia-img-lazy-loading-34\"  width=\"2048\" height=\"1536\" src=\"https:\/\/kosegayrimenkul.com.tr\/wp-content\/uploads\/2024\/04\/kose-gayrimenkul-5.jpg\" title='kose-gayrimenkul (5)' alt='' \/><\/div><\/a><a href=\"https:\/\/kosegayrimenkul.com.tr\/wp-content\/uploads\/2024\/04\/kose-gayrimenkul-2.jpg\" data-rel='gallery-1' data-prev-img='https:\/\/kosegayrimenkul.com.tr\/wp-content\/uploads\/2024\/04\/kose-gayrimenkul-2.jpg' class='lightbox ' data-onclick='2' title=''  itemprop=\"thumbnailUrl\"  ><img decoding=\"async\" class=\"wp-image-31 avia-img-lazy-loading-not-31\"   src=\"https:\/\/kosegayrimenkul.com.tr\/wp-content\/uploads\/2024\/04\/kose-gayrimenkul-2.jpg\" width=\"2048\" height=\"1536\"  title='kose-gayrimenkul (2)' alt='' \/><div class='big-prev-fake'><img loading=\"lazy\" decoding=\"async\" class=\"wp-image-31 avia-img-lazy-loading-31\"  width=\"2048\" height=\"1536\" src=\"https:\/\/kosegayrimenkul.com.tr\/wp-content\/uploads\/2024\/04\/kose-gayrimenkul-2.jpg\" title='kose-gayrimenkul (2)' alt='' \/><\/div><\/a><a href=\"https:\/\/kosegayrimenkul.com.tr\/wp-content\/uploads\/2024\/04\/kose-gayrimenkul-3.jpg\" data-rel='gallery-1' data-prev-img='https:\/\/kosegayrimenkul.com.tr\/wp-content\/uploads\/2024\/04\/kose-gayrimenkul-3.jpg' class='lightbox ' data-onclick='3' title=''  itemprop=\"thumbnailUrl\"  ><img decoding=\"async\" class=\"wp-image-32 avia-img-lazy-loading-not-32\"   src=\"https:\/\/kosegayrimenkul.com.tr\/wp-content\/uploads\/2024\/04\/kose-gayrimenkul-3.jpg\" width=\"2048\" height=\"1536\"  title='kose-gayrimenkul (3)' alt='' \/><div class='big-prev-fake'><img loading=\"lazy\" decoding=\"async\" class=\"wp-image-32 avia-img-lazy-loading-32\"  width=\"2048\" height=\"1536\" src=\"https:\/\/kosegayrimenkul.com.tr\/wp-content\/uploads\/2024\/04\/kose-gayrimenkul-3.jpg\" title='kose-gayrimenkul (3)' alt='' \/><\/div><\/a><a href=\"https:\/\/kosegayrimenkul.com.tr\/wp-content\/uploads\/2024\/04\/kose-gayrimenkul-1.jpg\" data-rel='gallery-1' data-prev-img='https:\/\/kosegayrimenkul.com.tr\/wp-content\/uploads\/2024\/04\/kose-gayrimenkul-1.jpg' class='lightbox ' data-onclick='4' title=''  itemprop=\"thumbnailUrl\"  ><img decoding=\"async\" class=\"wp-image-36 avia-img-lazy-loading-not-36\"   src=\"https:\/\/kosegayrimenkul.com.tr\/wp-content\/uploads\/2024\/04\/kose-gayrimenkul-1.jpg\" width=\"1600\" height=\"1200\"  title='kose-gayrimenkul (1)' alt='' \/><div class='big-prev-fake'><img loading=\"lazy\" decoding=\"async\" class=\"wp-image-36 avia-img-lazy-loading-36\"  width=\"1600\" height=\"1200\" src=\"https:\/\/kosegayrimenkul.com.tr\/wp-content\/uploads\/2024\/04\/kose-gayrimenkul-1.jpg\" title='kose-gayrimenkul (1)' alt='' \/><\/div><\/a><a href=\"https:\/\/kosegayrimenkul.com.tr\/wp-content\/uploads\/2024\/04\/kose-gayrimenkul-4.jpg\" data-rel='gallery-1' data-prev-img='https:\/\/kosegayrimenkul.com.tr\/wp-content\/uploads\/2024\/04\/kose-gayrimenkul-4.jpg' class='lightbox ' data-onclick='5' title=''  itemprop=\"thumbnailUrl\"  ><img decoding=\"async\" class=\"wp-image-33 avia-img-lazy-loading-not-33\"   src=\"https:\/\/kosegayrimenkul.com.tr\/wp-content\/uploads\/2024\/04\/kose-gayrimenkul-4.jpg\" width=\"1600\" height=\"1200\"  title='kose-gayrimenkul (4)' alt='' \/><div class='big-prev-fake'><img loading=\"lazy\" decoding=\"async\" class=\"wp-image-33 avia-img-lazy-loading-33\"  width=\"1600\" height=\"1200\" src=\"https:\/\/kosegayrimenkul.com.tr\/wp-content\/uploads\/2024\/04\/kose-gayrimenkul-4.jpg\" title='kose-gayrimenkul (4)' alt='' \/><\/div><\/a><\/div><\/div><\/div><\/p>\n","protected":false},"excerpt":{"rendered":"","protected":false},"author":1,"featured_media":0,"parent":0,"menu_order":0,"comment_status":"closed","ping_status":"closed","template":"","meta":{"footnotes":""},"class_list":["post-16","page","type-page","status-publish","hentry"],"_links":{"self":[{"href":"https:\/\/kosegayrimenkul.com.tr\/index.php\/wp-json\/wp\/v2\/pages\/16","targetHints":{"allow":["GET"]}}],"collection":[{"href":"https:\/\/kosegayrimenkul.com.tr\/index.php\/wp-json\/wp\/v2\/pages"}],"about":[{"href":"https:\/\/kosegayrimenkul.com.tr\/index.php\/wp-json\/wp\/v2\/types\/page"}],"author":[{"embeddable":true,"href":"https:\/\/kosegayrimenkul.com.tr\/index.php\/wp-json\/wp\/v2\/users\/1"}],"replies":[{"embeddable":true,"href":"https:\/\/kosegayrimenkul.com.tr\/index.php\/wp-json\/wp\/v2\/comments?post=16"}],"version-history":[{"count":1,"href":"https:\/\/kosegayrimenkul.com.tr\/index.php\/wp-json\/wp\/v2\/pages\/16\/revisions"}],"predecessor-version":[{"id":45,"href":"https:\/\/kosegayrimenkul.com.tr\/index.php\/wp-json\/wp\/v2\/pages\/16\/revisions\/45"}],"wp:attachment":[{"href":"https:\/\/kosegayrimenkul.com.tr\/index.php\/wp-json\/wp\/v2\/media?parent=16"}],"curies":[{"name":"wp","href":"https:\/\/api.w.org\/{rel}","templated":true}]}}